{"id":739,"date":"2014-02-06T20:06:52","date_gmt":"2014-02-06T20:06:52","guid":{"rendered":"http:\/\/www2.badesc.gov.br\/asbadesc\/?page_id=739"},"modified":"2026-02-24T13:54:00","modified_gmt":"2026-02-24T16:54:00","slug":"reserva-de-espaco","status":"publish","type":"page","link":"http:\/\/asbadesc.com.br\/?page_id=739","title":{"rendered":"Solicita\u00e7\u00e3o de reserva de espa\u00e7o"},"content":{"rendered":"\n<p><\/p>\n\n\n<h1><span style=\"color: #ff0000;\"><strong>OBS: O associado s\u00f3 pode reservar os espa\u00e7os para seus dependentes diretos, conforme novas regras abaixo descritas.<\/strong><\/span><\/h1>\n<div role=\"form\" class=\"wpcf7\" id=\"wpcf7-f738-o1\" lang=\"en-US\" dir=\"ltr\">\n<div class=\"screen-reader-response\"><\/div>\n<form action=\"\/index.php?rest_route=%2Fwp%2Fv2%2Fpages%2F739#wpcf7-f738-o1\" method=\"post\" class=\"wpcf7-form\" novalidate=\"novalidate\">\n<div style=\"display: none;\">\n<input type=\"hidden\" name=\"_wpcf7\" value=\"738\" \/>\n<input type=\"hidden\" name=\"_wpcf7_version\" value=\"5.1.1\" \/>\n<input type=\"hidden\" name=\"_wpcf7_locale\" value=\"en_US\" \/>\n<input type=\"hidden\" name=\"_wpcf7_unit_tag\" value=\"wpcf7-f738-o1\" \/>\n<input type=\"hidden\" name=\"_wpcf7_container_post\" value=\"0\" \/>\n<input type=\"hidden\" name=\"g-recaptcha-response\" value=\"\" \/>\n<\/div>\n<p>Sede*<br \/>\n<span class=\"wpcf7-form-control-wrap menu-551\"><select name=\"menu-551\" class=\"wpcf7-form-control wpcf7-select wpcf7-validates-as-required\" id=\"Sede\" aria-required=\"true\" aria-invalid=\"false\"><option value=\"\">---<\/option><option value=\"Toca da Pedra - capacidade para 50 pessoas\">Toca da Pedra - capacidade para 50 pessoas<\/option><option value=\"Barzinho - capacidade para 50 pessoas\">Barzinho - capacidade para 50 pessoas<\/option><option value=\"Plinio de N\u00eaz - capacidade para 120 pessoas\">Plinio de N\u00eaz - capacidade para 120 pessoas<\/option><\/select><\/span><\/p>\n<p>Nome*<br \/>\n    <span class=\"wpcf7-form-control-wrap your-name\"><input type=\"text\" name=\"your-name\" value=\"\" size=\"40\" class=\"wpcf7-form-control wpcf7-text wpcf7-validates-as-required\" aria-required=\"true\" aria-invalid=\"false\" \/><\/span> <\/p>\n<p>CPF ou CNPJ*<br \/>\n    <span class=\"wpcf7-form-control-wrap your-cpf\"><input type=\"text\" name=\"your-cpf\" value=\"\" size=\"40\" class=\"wpcf7-form-control wpcf7-text wpcf7-validates-as-required\" aria-required=\"true\" aria-invalid=\"false\" \/><\/span> <\/p>\n<p>S\u00f3cio*<br \/>\n<span class=\"wpcf7-form-control-wrap menu-927\"><select name=\"menu-927\" class=\"wpcf7-form-control wpcf7-select wpcf7-validates-as-required\" id=\"Scio\" aria-required=\"true\" aria-invalid=\"false\"><option value=\"\">---<\/option><option value=\"Sim\">Sim<\/option><option value=\"N\u00e3o\">N\u00e3o<\/option><\/select><\/span><\/p>\n<p>Per\u00edodo:<\/p>\n<p>Das <span class=\"wpcf7-form-control-wrap menu-970\"><select name=\"menu-970\" class=\"wpcf7-form-control wpcf7-select\" aria-invalid=\"false\"><option value=\"\">---<\/option><option value=\"09:00\">09:00<\/option><option value=\"10:00\">10:00<\/option><option value=\"11:00\">11:00<\/option><option value=\"12:00\">12:00<\/option><option value=\"13:00\">13:00<\/option><option value=\"14:00\">14:00<\/option><option value=\"15:00\">15:00<\/option><option value=\"16:00\">16:00<\/option><option value=\"17:00\">17:00<\/option><option value=\"18:00\">18:00<\/option><option value=\"19:00\">19:00<\/option><option value=\"20:00\">20:00<\/option><option value=\"21:00\">21:00<\/option><option value=\"22:00\">22:00<\/option><option value=\"23:00\">23:00<\/option><option value=\"24:00\">24:00<\/option><option value=\"01:00\">01:00<\/option><\/select><\/span>   At\u00e9  <span class=\"wpcf7-form-control-wrap menu-224\"><select name=\"menu-224\" class=\"wpcf7-form-control wpcf7-select\" aria-invalid=\"false\"><option value=\"\">---<\/option><option value=\"10:00\">10:00<\/option><option value=\"11:00\">11:00<\/option><option value=\"12:00\">12:00<\/option><option value=\"13:00\">13:00<\/option><option value=\"14:00\">14:00<\/option><option value=\"15:00\">15:00<\/option><option value=\"16:00\">16:00<\/option><option value=\"17:00\">17:00<\/option><option value=\"18:00\">18:00<\/option><option value=\"19:00\">19:00<\/option><option value=\"20:00\">20:00<\/option><option value=\"21:00\">21:00<\/option><option value=\"22:00\">22:00<\/option><option value=\"23:00\">23:00<\/option><option value=\"24:00\">24:00<\/option><option value=\"00:00\">00:00<\/option><option value=\"01:00\">01:00<\/option><option value=\"02:00\">02:00<\/option><\/select><\/span><\/p>\n<p>Reserva para o dia*<br \/>\n <span class=\"wpcf7-form-control-wrap date-383\"><input type=\"text\" name=\"date-383\" value=\"\" size=\"40\" class=\"wpcf7-form-control wpcf7-date wpcf7-validates-as-required\" aria-required=\"true\" \/> <\/span><\/p>\n<p>N\u00famero de pessoas*<br \/>\n    <span class=\"wpcf7-form-control-wrap numero\"><input type=\"text\" name=\"numero\" value=\"\" size=\"40\" class=\"wpcf7-form-control wpcf7-text wpcf7-validates-as-required\" aria-required=\"true\" aria-invalid=\"false\" \/><\/span><\/p>\n<p>Motivo*<br \/>\n    <span class=\"wpcf7-form-control-wrap motivo\"><input type=\"text\" name=\"motivo\" value=\"\" size=\"40\" class=\"wpcf7-form-control wpcf7-text wpcf7-validates-as-required\" aria-required=\"true\" aria-invalid=\"false\" \/><\/span><\/p>\n<p>Obs: Estou ciente dos valores referente ao aluguel deste espa\u00e7o descrito no site da ASBADESC.  <\/p>\n<p>Celular*<br \/>\n    <span class=\"wpcf7-form-control-wrap celular\"><input type=\"text\" name=\"celular\" value=\"\" size=\"40\" class=\"wpcf7-form-control wpcf7-text wpcf7-validates-as-required\" aria-required=\"true\" aria-invalid=\"false\" \/><\/span><\/p>\n<p>E-mail*<br \/>\n    <span class=\"wpcf7-form-control-wrap your-email\"><input type=\"email\" name=\"your-email\" value=\"\" size=\"40\" class=\"wpcf7-form-control wpcf7-text wpcf7-email wpcf7-validates-as-required wpcf7-validates-as-email\" aria-required=\"true\" aria-invalid=\"false\" \/><\/span> <\/p>\n<p><input type=\"submit\" value=\"Enviar\" class=\"wpcf7-form-control wpcf7-submit\" \/><\/p>\n<div class=\"wpcf7-response-output wpcf7-display-none\"><\/div><\/form><\/div>\n<p><a href=\"http:\/\/asbadesc.com.br\/wp-content\/uploads\/2022\/09\/Resolucao_012022.pdf\" target=\"_blank\" rel=\"noopener\">NOVAS REGRAS DE UTILIZA\u00c7\u00c3O DA SEDE DA ASBADESC<\/a><\/p>\n<p>* Informamos que as reservar podem ser feitas com no m\u00e1ximo 6 meses de anteced\u00eancia.<\/p>\n<p>Lembrando que para realizar as reservas devera ser pago o sinal.<\/p>\n\n\n<p><\/p>\n","protected":false},"excerpt":{"rendered":"<p>OBS: O associado s\u00f3 pode reservar os espa\u00e7os para seus dependentes diretos, conforme novas regras abaixo descritas. NOVAS REGRAS DE UTILIZA\u00c7\u00c3O DA SEDE DA ASBADESC * Informamos que as reservar podem ser feitas com no m\u00e1ximo 6 meses de anteced\u00eancia. &hellip; <a href=\"http:\/\/asbadesc.com.br\/?page_id=739\">Continuar lendo <span class=\"meta-nav\">&rarr;<\/span><\/a><\/p>\n","protected":false},"author":1,"featured_media":0,"parent":0,"menu_order":0,"comment_status":"open","ping_status":"open","template":"","meta":{"ngg_post_thumbnail":0,"footnotes":""},"class_list":["post-739","page","type-page","status-publish","hentry"],"_links":{"self":[{"href":"http:\/\/asbadesc.com.br\/index.php?rest_route=\/wp\/v2\/pages\/739","targetHints":{"allow":["GET"]}}],"collection":[{"href":"http:\/\/asbadesc.com.br\/index.php?rest_route=\/wp\/v2\/pages"}],"about":[{"href":"http:\/\/asbadesc.com.br\/index.php?rest_route=\/wp\/v2\/types\/page"}],"author":[{"embeddable":true,"href":"http:\/\/asbadesc.com.br\/index.php?rest_route=\/wp\/v2\/users\/1"}],"replies":[{"embeddable":true,"href":"http:\/\/asbadesc.com.br\/index.php?rest_route=%2Fwp%2Fv2%2Fcomments&post=739"}],"version-history":[{"count":3,"href":"http:\/\/asbadesc.com.br\/index.php?rest_route=\/wp\/v2\/pages\/739\/revisions"}],"predecessor-version":[{"id":5953,"href":"http:\/\/asbadesc.com.br\/index.php?rest_route=\/wp\/v2\/pages\/739\/revisions\/5953"}],"wp:attachment":[{"href":"http:\/\/asbadesc.com.br\/index.php?rest_route=%2Fwp%2Fv2%2Fmedia&parent=739"}],"curies":[{"name":"wp","href":"https:\/\/api.w.org\/{rel}","templated":true}]}}