{"id":9,"date":"2012-03-20T14:31:25","date_gmt":"2012-03-20T14:31:25","guid":{"rendered":"http:\/\/www2.badesc.gov.br\/asbadesc\/?page_id=9"},"modified":"2025-07-25T14:46:35","modified_gmt":"2025-07-25T17:46:35","slug":"tabela-de-precos","status":"publish","type":"page","link":"http:\/\/asbadesc.com.br\/?page_id=9","title":{"rendered":"Tabela de pre\u00e7os"},"content":{"rendered":"<p><strong>Abaixo est\u00e3o os pre\u00e7os utilizados na sede da Associa\u00e7\u00e3o, qualquer d\u00favida fale conosco.<\/strong><\/p>\n<table border=\"0\" width=\"459\" cellspacing=\"0\" cellpadding=\"0\">\n<tbody>\n<tr>\n<td width=\"268\"><strong>\u00c1GUA MINERAL<\/strong><\/td>\n<td width=\"191\">\n<p align=\"center\">R$ 4,00<\/p>\n<\/td>\n<\/tr>\n<tr>\n<td width=\"268\"><strong>CARV\u00c3O<\/strong><\/td>\n<td width=\"191\">\n<p align=\"center\">R$ 20,00<\/p>\n<\/td>\n<\/tr>\n<tr>\n<td width=\"268\"><strong>CERVEJA 600 ml<\/strong><\/td>\n<td width=\"191\">\n<p align=\"center\">R$ 15,00<\/p>\n<\/td>\n<\/tr>\n<tr>\n<td width=\"268\"><strong>GELO<\/strong><\/td>\n<td width=\"191\">\n<p align=\"center\">R$ 10,00<\/p>\n<\/td>\n<\/tr>\n<tr>\n<td width=\"268\"><strong>REFRIGERANTE 2 Litro<\/strong><\/td>\n<td width=\"191\">\n<p align=\"center\">R$ 13,00<\/p>\n<\/td>\n<\/tr>\n<tr>\n<td width=\"268\"><strong>REFRIGERANTE M\u00c9DIO \/ Lata \/ 600 ml<\/strong><\/td>\n<td width=\"191\">\n<p align=\"center\">R$ 5,00<\/p>\n<\/td>\n<\/tr>\n<tr>\n<td width=\"268\"><strong>WHISKY LITRO<\/strong><\/td>\n<td width=\"191\">\n<p align=\"center\">R$ 100,00<\/p>\n<\/td>\n<\/tr>\n<tr>\n<td width=\"268\"><strong>VINHO \u2013 Tinto \/ Branco<\/strong><\/td>\n<td width=\"191\">\n<p align=\"center\">R$ 50,00<\/p>\n<\/td>\n<\/tr>\n<tr>\n<td width=\"268\"><strong>VODKA SMIRNOFF&nbsp; 600ml<\/strong><\/td>\n<td width=\"191\">\n<p align=\"center\">R$ 35,00<\/p>\n<\/td>\n<\/tr>\n<tr>\n<td width=\"268\"><strong>GUARDANAPO&nbsp;<\/strong><\/td>\n<td width=\"191\">\n<p align=\"center\">R$ 4,00<\/p>\n<\/td>\n<\/tr>\n<tr>\n<td width=\"268\"><strong>MARMITEX<\/strong><\/td>\n<td width=\"191\">\n<p align=\"center\">R$ 2,00<\/p>\n<\/td>\n<\/tr>\n<\/tbody>\n<\/table>\n<p><strong>Em caso de quebra segue valores abaixo:<\/strong><\/p>\n<p>Copos Cerveja R$ 8,00<br \/>\nCopos de Agua R$ 7,00<br \/>\nTa\u00e7a Vinho R$ 9,00<br \/>\nTa\u00e7a Champagne R$ 9,00<br \/>\nCasco de Garrafas R$ 4,00<br \/>\nSaca Rolha R$ 25,00<\/p>\n<p><strong>Os pre\u00e7os s\u00e3o atualizados conforme abastecemos o estoque, o valor do que oferecemos pode variar do dia da reserva do sal\u00e3o, at\u00e9 o dia da realiza\u00e7\u00e3o do evento.<\/strong><\/p>\n<p><strong>Para saber os valores da tabela de pre\u00e7o no &nbsp;dia de hoje, entre em contato atrav\u00e9s do e-mail<\/strong><strong>&nbsp;<\/strong><strong><a href=\"mailto:asbadesc@asbadesc.com.br\">asbadesc@asbadesc.com.br<\/a><\/strong><\/p>\n<p><strong>As bebidas devem ser consumidas exclusivamente da ASBADESC, com exce\u00e7\u00e3o de destilados e espumantes. Caso desejem levar chopp, ser\u00e1 cobrado uma rolha de 30% sobre o valor do mesmo.<\/strong><\/p>\n","protected":false},"excerpt":{"rendered":"<p>Abaixo est\u00e3o os pre\u00e7os utilizados na sede da Associa\u00e7\u00e3o, qualquer d\u00favida fale conosco. \u00c1GUA MINERAL R$ 4,00 CARV\u00c3O R$ 20,00 CERVEJA 600 ml R$ 15,00 GELO R$ 10,00 REFRIGERANTE 2 Litro R$ 13,00 REFRIGERANTE M\u00c9DIO \/ Lata \/ 600 ml &hellip; <a href=\"http:\/\/asbadesc.com.br\/?page_id=9\">Continuar lendo <span class=\"meta-nav\">&rarr;<\/span><\/a><\/p>\n","protected":false},"author":1,"featured_media":0,"parent":0,"menu_order":5,"comment_status":"open","ping_status":"open","template":"","meta":{"ngg_post_thumbnail":0,"footnotes":""},"class_list":["post-9","page","type-page","status-publish","hentry"],"_links":{"self":[{"href":"http:\/\/asbadesc.com.br\/index.php?rest_route=\/wp\/v2\/pages\/9","targetHints":{"allow":["GET"]}}],"collection":[{"href":"http:\/\/asbadesc.com.br\/index.php?rest_route=\/wp\/v2\/pages"}],"about":[{"href":"http:\/\/asbadesc.com.br\/index.php?rest_route=\/wp\/v2\/types\/page"}],"author":[{"embeddable":true,"href":"http:\/\/asbadesc.com.br\/index.php?rest_route=\/wp\/v2\/users\/1"}],"replies":[{"embeddable":true,"href":"http:\/\/asbadesc.com.br\/index.php?rest_route=%2Fwp%2Fv2%2Fcomments&post=9"}],"version-history":[{"count":6,"href":"http:\/\/asbadesc.com.br\/index.php?rest_route=\/wp\/v2\/pages\/9\/revisions"}],"predecessor-version":[{"id":5932,"href":"http:\/\/asbadesc.com.br\/index.php?rest_route=\/wp\/v2\/pages\/9\/revisions\/5932"}],"wp:attachment":[{"href":"http:\/\/asbadesc.com.br\/index.php?rest_route=%2Fwp%2Fv2%2Fmedia&parent=9"}],"curies":[{"name":"wp","href":"https:\/\/api.w.org\/{rel}","templated":true}]}}