{"id":12,"date":"2012-03-20T14:39:43","date_gmt":"2012-03-20T14:39:43","guid":{"rendered":"http:\/\/www2.badesc.gov.br\/asbadesc\/?page_id=12"},"modified":"2024-02-01T11:08:03","modified_gmt":"2024-02-01T14:08:03","slug":"convenios","status":"publish","type":"page","link":"https:\/\/asbadesc.com.br\/?page_id=12","title":{"rendered":"Conv\u00eanios"},"content":{"rendered":"<div id=\"CertisignPluginFF-NG-Installed\">\n<table width=\"701\">\n<tbody>\n<tr>\n<td colspan=\"4\" width=\"697\"><strong>Alimentos\/Bebidas<\/strong><\/td>\n<\/tr>\n<tr>\n<td width=\"174\"><strong>Conv\u00eanio<\/strong><\/td>\n<td width=\"220\"><strong>Endere\u00e7o<\/strong><\/td>\n<td width=\"144\"><strong>Telefone<\/strong><\/td>\n<td width=\"153\"><strong>Benef\u00edcio<\/strong><\/td>\n<\/tr>\n<tr>\n<td width=\"174\">Super P\u00e3o Panificadora<\/td>\n<td width=\"220\">Av. Mauro Ramos,1220 \u2013 Centro<\/td>\n<td width=\"144\">3028-9235<\/td>\n<td width=\"153\">Assina nota para desconto em folha<\/td>\n<\/tr>\n<tr>\n<td width=\"174\">Casa de Tortas<\/td>\n<td width=\"220\">Rua: Presidente Coutinho, 636 \u2013 Centro<\/td>\n<td width=\"144\">3223-6409 ou 3223-6914<\/td>\n<td width=\"153\">Assina nota para desconto em folha<\/td>\n<\/tr>\n<tr>\n<td width=\"174\">&nbsp;<\/td>\n<td width=\"220\">&nbsp;<\/td>\n<td width=\"144\">&nbsp;<\/td>\n<td width=\"153\">&nbsp;<\/td>\n<\/tr>\n<tr>\n<td colspan=\"4\" width=\"697\"><strong>Artigos Em Geral<\/strong><\/td>\n<\/tr>\n<tr>\n<td width=\"174\"><strong>Conv\u00eanio<\/strong><\/td>\n<td width=\"220\"><strong>Endere\u00e7o<\/strong><\/td>\n<td width=\"144\"><strong>Telefone<\/strong><\/td>\n<td width=\"153\"><strong>Benef\u00edcio<\/strong><\/td>\n<\/tr>\n<tr>\n<td width=\"174\">Bazar Dater\u00ea<\/td>\n<td width=\"220\">Av. Mauro Ramos, 963 \u2013 Centro<\/td>\n<td width=\"144\">3224-3959<\/td>\n<td width=\"153\">Assina nota para desconto em folha<\/td>\n<\/tr>\n<tr>\n<td width=\"174\">Karina Anselmo \u2013 Moda \u00edntima e fitness<\/td>\n<td width=\"220\">Rod. Amaro Ant\u00f4nio Vieira, 2372 ap 702 \u2013 Itacorubi Atendimento em domic\u00edlio<\/td>\n<td width=\"144\">99924-3572<\/td>\n<td width=\"153\">10% de desconto direto ao associado (assinando folha) e 5% para a ASBADESC<\/td>\n<\/tr>\n<tr>\n<td width=\"174\">&nbsp;<\/td>\n<td width=\"220\">&nbsp;<\/td>\n<td width=\"144\">&nbsp;<\/td>\n<td width=\"153\">&nbsp;<\/td>\n<\/tr>\n<\/tbody>\n<\/table>\n<p>&nbsp;<\/p>\n<table width=\"701\">\n<tbody>\n<tr>\n<td colspan=\"7\" width=\"697\"><strong>Restaurantes<\/strong><\/td>\n<\/tr>\n<tr>\n<td width=\"174\"><strong>Conv\u00eanio<\/strong><\/td>\n<td colspan=\"3\" width=\"220\"><strong>Endere\u00e7o<\/strong><\/td>\n<td colspan=\"2\" width=\"144\"><strong>Telefone<\/strong><\/td>\n<td width=\"153\"><strong>Benef\u00edcio<\/strong><\/td>\n<\/tr>\n<tr>\n<td colspan=\"2\" width=\"220\">Restaurante Mari\u00e1<\/td>\n<td width=\"144\">Rua: Almirante Alvin, 384 \u2013 Centro<\/td>\n<td colspan=\"2\" width=\"153\">3028-6085<\/td>\n<td colspan=\"2\" width=\"174\">Assina nota para desconto em folha.<\/td>\n<\/tr>\n<tr>\n<td colspan=\"2\" width=\"220\">Restaurante Sabores Floripa<\/td>\n<td width=\"144\">Av. Mauro Ramos, 1130 &#8211; Centro, Florian\u00f3polis &#8211; SC, 88020-300<\/td>\n<td colspan=\"2\" width=\"153\"><span aria-label=\"Ligar para (48) 3025-7837\">(48) 3025-7837<\/span><\/td>\n<td colspan=\"2\" width=\"174\">Assina nota para desconto em folha.<\/td>\n<\/tr>\n<tr>\n<td width=\"177\">&nbsp;<\/td>\n<td width=\"46\">&nbsp;<\/td>\n<td width=\"146\">&nbsp;<\/td>\n<td width=\"30\">&nbsp;<\/td>\n<td width=\"125\">&nbsp;<\/td>\n<td width=\"21\">&nbsp;<\/td>\n<td width=\"156\">&nbsp;<\/td>\n<\/tr>\n<\/tbody>\n<\/table>\n<p>&nbsp;<\/p>\n<table width=\"701\">\n<tbody>\n<tr>\n<td colspan=\"7\" width=\"697\"><strong>Sa\u00fade<\/strong><\/td>\n<\/tr>\n<tr>\n<td width=\"174\"><strong>Conv\u00eanio<\/strong><\/td>\n<td colspan=\"3\" width=\"220\"><strong>Endere\u00e7o<\/strong><\/td>\n<td colspan=\"2\" width=\"144\"><strong>Telefone<\/strong><\/td>\n<td width=\"153\"><strong>Benef\u00edcio<\/strong><\/td>\n<\/tr>\n<tr>\n<td colspan=\"2\" width=\"220\">Dra. Aline Cristina Cambraia Rocca Guimar\u00e3es<\/td>\n<td width=\"144\">Atende em domic\u00edlio<\/td>\n<td colspan=\"2\" width=\"153\">3028-3797\/984258802<\/td>\n<td colspan=\"2\" width=\"174\">30% de desconto direto ao associado (assina folha) e 5% para a ASBADESC<\/td>\n<\/tr>\n<tr>\n<td width=\"177\">&nbsp;<\/td>\n<td width=\"46\">&nbsp;<\/td>\n<td width=\"146\">&nbsp;<\/td>\n<td width=\"30\">&nbsp;<\/td>\n<td width=\"125\">&nbsp;<\/td>\n<td width=\"21\">&nbsp;<\/td>\n<td width=\"156\">&nbsp;<\/td>\n<\/tr>\n<\/tbody>\n<\/table>\n<p>&nbsp;<\/p>\n<table width=\"701\">\n<tbody>\n<tr>\n<td width=\"174\">Cl\u00e1udia Annes Lima \u2013 Psic\u00f3loga<\/td>\n<td width=\"220\">Avenida Desembargador Vitor Lima, 260. Sala107, no bairro Trindade em Florian\u00f3polis e tamb\u00e9m em Campinas, S\u00e3o Jos\u00e9, Rua Victor Meirelles, 600, sala 710, no Centro Comercial Orlando Koerich.<\/td>\n<td width=\"144\">9 9951-5754<\/td>\n<td width=\"153\">30% de desconto direto ao associado (assinando folha) e 5% para a ASBADESC<\/td>\n<\/tr>\n<tr>\n<td width=\"174\">Bruna Ostrovski \u2013 Dentista<\/td>\n<td width=\"220\">Av. Deputado Dom\u00edcio Freitas, 2989, sala 02 \u2013 Carianos.<\/td>\n<td width=\"144\">3234-6157 \u2013 9922-4658<\/td>\n<td width=\"153\">30% de desconto direto ao associado (assinando folha) e 5% para a ASBADESC<\/td>\n<\/tr>\n<tr>\n<td width=\"174\">M\u00e1rcio Ouriques \u2013 Pilates<\/td>\n<td width=\"220\">Avenida Rio Branco, 448 \u2013 Centro,<\/td>\n<td width=\"144\">3024-822799957-8228<\/td>\n<td width=\"153\">15% de desconto direto ao associado (assinando folha) e 5% para a ASBADESC<\/td>\n<\/tr>\n<\/tbody>\n<\/table>\n<p>&nbsp;<\/p>\n<table width=\"701\">\n<tbody>\n<tr>\n<td width=\"174\">\u00d3tica Refer\u00eancia<\/td>\n<td width=\"220\">Rua Presidente Coutinho, 582<\/td>\n<td width=\"144\">3025-1282<\/td>\n<td width=\"153\">10% de desconto direto ao associado (assinando folha) e 5% para a ASBADESC<\/td>\n<\/tr>\n<tr>\n<td width=\"174\">Bruna Noronha \u2013 Psic\u00f3loga<\/td>\n<td width=\"220\">Cl\u00ednica Espa\u00e7o EvoluirRua Brigadeiro Silva Paes, 23, Florian\u00f3polis<\/td>\n<td width=\"144\">99625-1948<\/td>\n<td width=\"153\">30% de desconto direto ao associado (assinando folha) e 5% para a ASBADESC<\/td>\n<\/tr>\n<tr>\n<td colspan=\"4\" width=\"697\"><strong>Educa\u00e7\u00e3o<\/strong><\/td>\n<\/tr>\n<tr>\n<td width=\"174\"><strong>Conv\u00eanio<\/strong><\/td>\n<td width=\"220\"><strong>Endere\u00e7o<\/strong><\/td>\n<td width=\"144\"><strong>Telefone<\/strong><\/td>\n<td width=\"153\"><strong>Benef\u00edcio<\/strong><\/td>\n<\/tr>\n<tr>\n<td width=\"174\">Cl\u00e1udia Tiscoski \u2013 Educadora Financeira<\/td>\n<td width=\"220\">Rua Coronel Ivan Dentice Linhares, 405, Coqueiros, Florian\u00f3polis<\/td>\n<td width=\"144\">99954-9647<\/td>\n<td width=\"153\">15% de desconto direto ao associado (assinando folha) e 5% para a ASBADESC<\/td>\n<\/tr>\n<tr>\n<td width=\"174\">Silvana Minatel \u2013 Psicopedagoga<\/td>\n<td width=\"220\">Rua Rui Barbosa, 174, ap 201, agron\u00f4mica<\/td>\n<td width=\"144\">9 88559449<\/td>\n<td width=\"153\">10% de desconto direto ao associado (assinando folha) e 5% para a ASBADESC<\/td>\n<\/tr>\n<\/tbody>\n<\/table>\n<p>&nbsp;<\/p>\n<table width=\"701\">\n<tbody>\n<tr>\n<td colspan=\"7\" width=\"697\"><strong>Advocacia<\/strong><\/td>\n<\/tr>\n<tr>\n<td width=\"174\"><strong>Conv\u00eanio<\/strong><\/td>\n<td colspan=\"3\" width=\"220\"><strong>Endere\u00e7o<\/strong><\/td>\n<td colspan=\"2\" width=\"144\"><strong>Telefone<\/strong><\/td>\n<td width=\"153\"><strong>Benef\u00edcio<\/strong><\/td>\n<\/tr>\n<tr>\n<td colspan=\"2\" width=\"220\">&nbsp;<\/td>\n<td width=\"144\">Rua Bias Peixoto, n\u00ba 200, sala 05, bairro Abra\u00e3o, Florian\u00f3polis\/SC<\/td>\n<td colspan=\"2\" width=\"153\">3222-4559 ou 9 9960-0658<\/td>\n<td colspan=\"2\" width=\"174\">5% de desconto direto ao associado (assinando folha), condi\u00e7\u00f5es facilitadas de pagamento em at\u00e9 10 vezes e 5% para a ASBADESC<\/td>\n<\/tr>\n<tr>\n<td colspan=\"7\" width=\"697\"><strong>Festas<\/strong><\/td>\n<\/tr>\n<tr>\n<td width=\"174\"><strong>Conv\u00eanio<\/strong><\/td>\n<td colspan=\"3\" width=\"220\"><strong>Endere\u00e7o<\/strong><\/td>\n<td colspan=\"2\" width=\"144\"><strong>Telefone<\/strong><\/td>\n<td width=\"153\"><strong>Benef\u00edcio<\/strong><\/td>\n<\/tr>\n<tr>\n<td colspan=\"2\" width=\"220\">&nbsp;<\/td>\n<td width=\"144\">Rua Prof. Barreiros Filho, 539 \u2013 Estreito \u2013 Florian\u00f3polis<\/td>\n<td colspan=\"2\" width=\"153\">3240-114 e 99968-2992<\/td>\n<td colspan=\"2\" width=\"174\">&nbsp;5% de desconto direto ao associado (assinando folha) e 5% para a ASBADESC<\/td>\n<\/tr>\n<\/tbody>\n<\/table>\n<\/div>\n<div id=\"websigner_softplan_com_br\" class=\"websigner_softplan_com_br\" style=\"display: none;\">&nbsp;<\/div>\n<div id=\"CertisignPluginFF-NG-Installed\">&nbsp;<\/div>\n<div id=\"websigner_softplan_com_br\" class=\"websigner_softplan_com_br\" style=\"display: none;\">&nbsp;<\/div>\n<div id=\"CertisignPluginFF-NG-Installed\">&nbsp;<\/div>\n<div id=\"websigner_softplan_com_br\" class=\"websigner_softplan_com_br\" style=\"display: none;\">&nbsp;<\/div>\n<div id=\"CertisignPluginFF-NG-Installed\">&nbsp;<\/div>\n","protected":false},"excerpt":{"rendered":"<p>Alimentos\/Bebidas Conv\u00eanio Endere\u00e7o Telefone Benef\u00edcio Super P\u00e3o Panificadora Av. Mauro Ramos,1220 \u2013 Centro 3028-9235 Assina nota para desconto em folha Casa de Tortas Rua: Presidente Coutinho, 636 \u2013 Centro 3223-6409 ou 3223-6914 Assina nota para desconto em folha &nbsp; &nbsp; &hellip; <a href=\"https:\/\/asbadesc.com.br\/?page_id=12\">Continuar lendo <span class=\"meta-nav\">&rarr;<\/span><\/a><\/p>\n","protected":false},"author":1,"featured_media":0,"parent":0,"menu_order":5,"comment_status":"open","ping_status":"open","template":"","meta":{"ngg_post_thumbnail":0,"footnotes":""},"class_list":["post-12","page","type-page","status-publish","hentry"],"_links":{"self":[{"href":"https:\/\/asbadesc.com.br\/index.php?rest_route=\/wp\/v2\/pages\/12","targetHints":{"allow":["GET"]}}],"collection":[{"href":"https:\/\/asbadesc.com.br\/index.php?rest_route=\/wp\/v2\/pages"}],"about":[{"href":"https:\/\/asbadesc.com.br\/index.php?rest_route=\/wp\/v2\/types\/page"}],"author":[{"embeddable":true,"href":"https:\/\/asbadesc.com.br\/index.php?rest_route=\/wp\/v2\/users\/1"}],"replies":[{"embeddable":true,"href":"https:\/\/asbadesc.com.br\/index.php?rest_route=%2Fwp%2Fv2%2Fcomments&post=12"}],"version-history":[{"count":5,"href":"https:\/\/asbadesc.com.br\/index.php?rest_route=\/wp\/v2\/pages\/12\/revisions"}],"predecessor-version":[{"id":5842,"href":"https:\/\/asbadesc.com.br\/index.php?rest_route=\/wp\/v2\/pages\/12\/revisions\/5842"}],"wp:attachment":[{"href":"https:\/\/asbadesc.com.br\/index.php?rest_route=%2Fwp%2Fv2%2Fmedia&parent=12"}],"curies":[{"name":"wp","href":"https:\/\/api.w.org\/{rel}","templated":true}]}}