{"id":948,"date":"2014-06-16T18:47:28","date_gmt":"2014-06-16T18:47:28","guid":{"rendered":"http:\/\/www2.badesc.gov.br\/asbadesc\/?page_id=948"},"modified":"2026-01-06T13:01:39","modified_gmt":"2026-01-06T16:01:39","slug":"locacao","status":"publish","type":"page","link":"https:\/\/asbadesc.com.br\/?page_id=948","title":{"rendered":"Loca\u00e7\u00e3o"},"content":{"rendered":"<ul>\n<li><a href=\"http:\/\/asbadesc.com.br\/wp-content\/uploads\/2026\/01\/Locacao_de_espaco_ASBADESC_2026.pdf\" target=\"_blank\" rel=\"noopener\"><strong>Loca\u00e7\u00e3o de Espa\u00e7os ASBADESC<\/strong><\/a><\/li>\n<li><strong><a title=\"Reserva de espa\u00e7o\" href=\"http:\/\/asbadesc.com.br\/?page_id=739 \" target=\"_blank\" rel=\"noopener\">Reserva de espa\u00e7os para eventos<\/a><\/strong><\/li>\n<\/ul>\n<div>&nbsp;<\/div>\n<p>&nbsp;<\/p>\n<p>&nbsp;<\/p>\n<p>&nbsp;<\/p>\n","protected":false},"excerpt":{"rendered":"<p>Loca\u00e7\u00e3o de Espa\u00e7os ASBADESC Reserva de espa\u00e7os para eventos &nbsp; &nbsp; &nbsp; &nbsp;<\/p>\n","protected":false},"author":1,"featured_media":0,"parent":0,"menu_order":0,"comment_status":"open","ping_status":"open","template":"","meta":{"ngg_post_thumbnail":0,"footnotes":""},"class_list":["post-948","page","type-page","status-publish","hentry"],"_links":{"self":[{"href":"https:\/\/asbadesc.com.br\/index.php?rest_route=\/wp\/v2\/pages\/948","targetHints":{"allow":["GET"]}}],"collection":[{"href":"https:\/\/asbadesc.com.br\/index.php?rest_route=\/wp\/v2\/pages"}],"about":[{"href":"https:\/\/asbadesc.com.br\/index.php?rest_route=\/wp\/v2\/types\/page"}],"author":[{"embeddable":true,"href":"https:\/\/asbadesc.com.br\/index.php?rest_route=\/wp\/v2\/users\/1"}],"replies":[{"embeddable":true,"href":"https:\/\/asbadesc.com.br\/index.php?rest_route=%2Fwp%2Fv2%2Fcomments&post=948"}],"version-history":[{"count":6,"href":"https:\/\/asbadesc.com.br\/index.php?rest_route=\/wp\/v2\/pages\/948\/revisions"}],"predecessor-version":[{"id":5948,"href":"https:\/\/asbadesc.com.br\/index.php?rest_route=\/wp\/v2\/pages\/948\/revisions\/5948"}],"wp:attachment":[{"href":"https:\/\/asbadesc.com.br\/index.php?rest_route=%2Fwp%2Fv2%2Fmedia&parent=948"}],"curies":[{"name":"wp","href":"https:\/\/api.w.org\/{rel}","templated":true}]}}